{"id":248,"date":"2019-05-23T12:06:13","date_gmt":"2019-05-23T12:06:13","guid":{"rendered":"https:\/\/actionmethod.szoc.bme.hu\/?page_id=248"},"modified":"2019-05-24T04:24:38","modified_gmt":"2019-05-24T04:24:38","slug":"elementor-248","status":"publish","type":"page","link":"https:\/\/actionmethod.szoc.bme.hu\/?page_id=248","title":{"rendered":"MN_kommkeszseg kurzus"},"content":{"rendered":"<h2>Kommunik\u00e1ci\u00f3s k\u00e9szs\u00e9gfejleszt\u00e9s<\/h2>\n<p>A Kommunik\u00e1ci\u00f3s k\u00e9szs\u00e9gfejleszt\u00e9s kurzus akci\u00f3m\u00f3dszerrel vezetve BME Szociol\u00f3gia \u00e9s Kommunik\u00e1ci\u00f3 Tansz\u00e9k\u00e9n az els\u0151\u00e9ves BA-s hallgat\u00f3k sz\u00e1m\u00e1ra<\/p>\n<p>A kurzus c\u00e9lja, hogy a hallgat\u00f3k sz\u00e1m\u00e1ra saj\u00e1t tapasztalatot ny\u00fajtson k\u00fcl\u00f6nb\u00f6z\u0151 csoportszerepek meg\u00e9l\u00e9s\u00e9re, egyes szerepmegval\u00f3s\u00edt\u00e1saik jelent\u00e9seinek \u00e9rtelmez\u00e9s\u00e9re, szerepreperto\u00e1rjuk b\u0151v\u00edt\u00e9s\u00e9re. A munka els\u0151sorban akci\u00f3m\u00f3dszerrel folyik, ezen a szinten a hangs\u00faly a saj\u00e1t \u00e9lm\u00e9nyen van, a fogalmi reflexi\u00f3 nem elv\u00e1rt.<\/p>\n<h6>Hallgat\u00f3i v\u00e9lem\u00e9nyek:<\/h6>\n<pre>(a 2017-es kurzuson k\u00e9sz\u00edtett hallgat\u00f3i honlap alapj\u00e1n: https:\/\/kommunikacioskeszsegfejlesztes.wordpress.com\/)<\/pre>\n<p><i>\u201cA kommunik\u00e1ci\u00f3s k\u00e9szs\u00e9gfejleszt\u00e9s egy remek alkalom arra, hogy feszegess\u00fck saj\u00e1t hat\u00e1rainkat \u00e9s kil\u00e9pj\u00fcnk megszokott vil\u00e1gunkb\u00f3l. Rendk\u00edv\u00fcl hat\u00e9konyan alak\u00edtja, v\u00e1ltoztatja a kommunik\u00e1ci\u00f3t \u00e9s megtan\u00edt arra, hogy szinte minden helyzetben tudjunk j\u00f3l kommunik\u00e1lni. Annak ellen\u00e9re, hogy az \u00f3r\u00e1k meglehet\u0151sen f\u00e1raszt\u00f3ak, lehet \u00e9lvezni ezeket a 3 \u00f3r\u00e1s alkalmakat. Minden egyes \u00f3r\u00e1n \u00faj tud\u00e1st kapunk magunkr\u00f3l, saj\u00e1t kommunik\u00e1ci\u00f3nkr\u00f3l \u00e9s m\u00e1sok kommunik\u00e1ci\u00f3j\u00e1r\u00f3l is. Sz\u00e1momra a h\u00e1zi feladatok voltak a leghasznosabbak, mert mindig tudtam fejl\u0151dni az\u00e1ltal, hogy megismertem saj\u00e1t magamat. v\u00e9lem\u00e9nyem szerint az \u00f3ra olyan tud\u00e1st ny\u00fajt, amit m\u00e1shonnan nehezen tudn\u00e1nk megszerezni.\u201d<\/i><\/p>\n<p><i>\u201cIm\u00e1dom az \u00f3r\u00e1t, a legjobb szerintem az \u00f6sszes k\u00f6z\u00fcl. Mindegyiken tanultam valamit, ad hozz\u00e1m \u00e9rt\u00e9ket \u00e9s mindig nagyon v\u00e1rom.\u201d<\/i><\/p>\n<p><em>\u201cNekem tetszik a k\u00e9szs\u00e9gfejleszt\u00e9s, j\u00f3, hogy interakt\u00edv, besz\u00e9lget\u0151s, el\u00e9g intenz\u00edv, ami miatt f\u00e1raszt\u00f3, de sok tapasztalatot lehet szerezni az \u00f3r\u00e1kon. J\u00f3k a feladatok, ha n\u00e9ha \u00e9rtelmetlennek is t\u0171nnek, az \u00f3ra v\u00e9g\u00e9re \u00e1ltal\u00e1ban \u00f6ssze\u00e1ll a k\u00e9p.\u201d<\/em><\/p>\n<p><em>\u201cAlapvet\u0151en hasznos az \u00f3ra de \u00e9n azt \u00e9rzem, hogy t\u00fals\u00e1gosan lesz\u00edv \u00e9s megterhel\u0151 sz\u00e1momra. Nagyon gyorsan kellene fejl\u0151dn\u00f6m olyan dolgokban, amik sz\u00e1momra teljesen \u00fajak \u00e9s id\u0151nk\u00e9nt nehezen be\u00e9p\u00edthet\u0151k. Olyan 50-50 az ar\u00e1nya annak, hogy a katal\u00f3gus miatt j\u00e1rok be vagy az\u00e9rt mert hasznosnak tartom. Csak az els\u0151 f\u00e9l \u00f3ra rossz, ameddig felveszem a ritmust, ut\u00e1na m\u00e1r eg\u00e9sz \u00e9lhet\u0151\u201d<\/em><\/p>\n<p><em>\u201cA kommunik\u00e1ci\u00f3s k\u00e9szs\u00e9gfejleszt\u00e9s \u00f3r\u00e1t el\u0151sz\u00f6r fenntart\u00e1sokkal fogadtam, mert nem tudtam elk\u00e9pzelni, hogy mit lehet ezen az \u00f3r\u00e1n tanulni. De kialakult egy nagyon j\u00f3 kis csapat, akikkel ki tudok alak\u00edtani tal\u00e1n szorosabb bar\u00e1ts\u00e1got is. Ezt el\u0151seg\u00edti a minden \u00f3r\u00e1n egy-k\u00e9t csapatj\u00e1t\u00e9k, amik sz\u00f3rakoztat\u00f3ak, \u00e9s nagyon hasznosak. Ez az \u00f3ra sz\u00e1momra ink\u00e1bb kommunik\u00e1ci\u00f3s pszichol\u00f3gia jelleg\u0171. Nagyon tetszik, \u00e9s tal\u00e1n ez a legjobb \u00f3r\u00e1nk.\u201d<\/em><\/p>\n<p><em>\u201c\u00c9rdekes bej\u00e1rni, minden \u00f3r\u00e1n k\u00fcl\u00f6nleges feladataink vannak. Egyszer el kellett j\u00e1tszanunk egy adott konfliktust, amit az egyik szakt\u00e1rsunk \u00e9lt \u00e1t. M\u00e1sok szerep\u00e9be kellett beleb\u00fajnunk, ami hasonl\u00edtott egy kicsiny\u00edtett 20 perces sz\u00ednh\u00e1zi improviz\u00e1ci\u00f3ra. Egy m\u00e1sik alkalommal azt a feladatot kaptuk,hogy besz\u00e9lj\u00fcnk \u00fagy egym\u00e1ssal,hogy nem sz\u00f3lunk bele egy\u00e1ltal\u00e1n abba,amit a m\u00e1sik mond( nagyj\u00e1b\u00f3l f\u00e9l \u00f3r\u00e1n kereszt\u00fcl 5-5 perces intervallumokban) Minden \u00f3r\u00e1n egy k\u00f6rben \u00fcl\u00fcnk (kis csapat vagyunk) \u00edgy mindenki l\u00e1t mindenkit. Ezzel teremtj\u00fck meg az \u00f3ra lazas\u00e1g\u00e1t \u00e9s a bar\u00e1ti l\u00e9gk\u00f6rt.\u201d<\/em><\/p>\n<p><em>\u201cSzerintem a komm k\u00e9szs\u00e9gfejleszt\u00e9s az egyik leg\u00e9rdekesebb \u00f3r\u00e1nk. Szeretem hogy teljesen k\u00f6tetlen hangulatban telik el, m\u00e9gis t\u00f6k sok hasznos dolgot tanulunk. Emellett seg\u00edt saj\u00e1t magam \u00e9s a t\u00f6bbiek megismer\u00e9s\u00e9ben. Nagyon kir\u00e1ly kis \u00f6nbizalom booster gyakorlatok is vannak. \u00d6sszess\u00e9g\u00e9ben szerintem egy nagyon kir\u00e1ly \u00f3ra \u00e9s nem csak a katal\u00f3gus vesz r\u00e1 arra hogy bevonszoljam magam.\u201d<\/em><\/p>\n<p>\u201d<em>Szerettem az \u00f3r\u00e1t, mert \u2013 annak ellen\u00e9re, hogy nagyon f\u00e1raszt\u00f3 volt \u2013 egy kis sz\u00ednfolt volt a h\u00e9tk\u00f6znapokban, ahol v\u00e9gre nem csak hallgatni \u00e9s jegyzetelni kellett. Hasznos is volt, mert egyr\u00e9szt azt er\u0151ltette, hogy besz\u00e9lj\u00fcnk egym\u00e1s el\u0151tt (ami nyilv\u00e1n k\u00e9s\u0151bb nagyobb vagy idegen t\u00e1rsas\u00e1gban is hasznos) \u00e9s legy\u00fcnk \u00f6sszeszedettek, ne izguljunk, stb. M\u00e1sr\u00e9szt sok csapatmunka volt, \u00e9s hi\u00e1ba tan\u00edtj\u00e1k meg, hogy egy ilyen csapatnak mindig kell egy vezet\u0151, addig ezt \u00fagyse \u00e9rzed \u00e1t igaz\u00e1n, am\u00edg nem ker\u00fclsz be egy olyanba, ahol sz\u00e9tesik az eg\u00e9sz, mert senki nem hajland\u00f3 \u00f6sszefogni az embereket. A negat\u00edvum meg tal\u00e1n annyi, hogy mindig nagyon elf\u00e1radtunk, meg mindig odafigyelni arra, hogy pontosan azt mondd, amit gondolsz, \u00fagy, hogy ne lehessen belek\u00f6tni, az ideg\u00f6l\u0151.\u201d<\/em><\/p>\n<p><em>\u201dA kommunik\u00e1ci\u00f3s k\u00e9szs\u00e9gfejleszt\u00e9s az az \u00f3ra, ahol biztos, hogy a komfortz\u00f3n\u00e1don k\u00edv\u00fcl kell mozognod. Ez olykor r\u00e9miszt\u0151 tud lenni, azonban olyan gyenges\u00e9geket \u00e9s er\u0151ss\u00e9geket tudsz felfedezni \u00f6nmagadban, amelyeket eddig hom\u00e1ly fedett. A k\u00fcl\u00f6nb\u00f6z\u0151 kommunik\u00e1ci\u00f3s megnyilv\u00e1nul\u00e1sokat ig\u00e9nyl\u0151 feladatokban nemcsak a probl\u00e9m\u00e1s ter\u00fcletek ker\u00fclnek felsz\u00ednre, hanem olyan \u201ckulcsokat\u201d kapunk a kez\u00fcnkbe, amelyekkel \u00faj kapukat nyithatunk meg a kommunik\u00e1ci\u00f3 sz\u00ednes vil\u00e1g\u00e1ba.\u201d<\/em><\/p>\n<p>kurzusvezet\u0151k: Blask\u00f3 \u00c1gnes, (Rajk\u00f3 Andrea)<\/p>\n","protected":false},"excerpt":{"rendered":"<p>Kommunik\u00e1ci\u00f3s k\u00e9szs\u00e9gfejleszt\u00e9s A Kommunik\u00e1ci\u00f3s k\u00e9szs\u00e9gfejleszt\u00e9s kurzus akci\u00f3m\u00f3dszerrel vezetve BME Szociol\u00f3gia \u00e9s Kommunik\u00e1ci\u00f3 Tansz\u00e9k\u00e9n az els\u0151\u00e9ves BA-s hallgat\u00f3k sz\u00e1m\u00e1ra A kurzus c\u00e9lja, hogy a hallgat\u00f3k sz\u00e1m\u00e1ra saj\u00e1t tapasztalatot ny\u00fajtson k\u00fcl\u00f6nb\u00f6z\u0151 csoportszerepek meg\u00e9l\u00e9s\u00e9re, egyes szerepmegval\u00f3s\u00edt\u00e1saik jelent\u00e9seinek \u00e9rtelmez\u00e9s\u00e9re, szerepreperto\u00e1rjuk b\u0151v\u00edt\u00e9s\u00e9re. A munka els\u0151sorban akci\u00f3m\u00f3dszerrel folyik, ezen a szinten a hangs\u00faly a saj\u00e1t \u00e9lm\u00e9nyen van, a fogalmi reflexi\u00f3 nem [&hellip;]<\/p>\n","protected":false},"author":2,"featured_media":0,"parent":0,"menu_order":0,"comment_status":"closed","ping_status":"closed","template":"","meta":{"footnotes":""},"_links":{"self":[{"href":"https:\/\/actionmethod.szoc.bme.hu\/index.php?rest_route=\/wp\/v2\/pages\/248"}],"collection":[{"href":"https:\/\/actionmethod.szoc.bme.hu\/index.php?rest_route=\/wp\/v2\/pages"}],"about":[{"href":"https:\/\/actionmethod.szoc.bme.hu\/index.php?rest_route=\/wp\/v2\/types\/page"}],"author":[{"embeddable":true,"href":"https:\/\/actionmethod.szoc.bme.hu\/index.php?rest_route=\/wp\/v2\/users\/2"}],"replies":[{"embeddable":true,"href":"https:\/\/actionmethod.szoc.bme.hu\/index.php?rest_route=%2Fwp%2Fv2%2Fcomments&post=248"}],"version-history":[{"count":16,"href":"https:\/\/actionmethod.szoc.bme.hu\/index.php?rest_route=\/wp\/v2\/pages\/248\/revisions"}],"predecessor-version":[{"id":558,"href":"https:\/\/actionmethod.szoc.bme.hu\/index.php?rest_route=\/wp\/v2\/pages\/248\/revisions\/558"}],"wp:attachment":[{"href":"https:\/\/actionmethod.szoc.bme.hu\/index.php?rest_route=%2Fwp%2Fv2%2Fmedia&parent=248"}],"curies":[{"name":"wp","href":"https:\/\/api.w.org\/{rel}","templated":true}]}}