{"id":602,"date":"2019-11-26T13:08:47","date_gmt":"2019-11-26T13:08:47","guid":{"rendered":"https:\/\/actionmethod.szoc.bme.hu\/?page_id=602"},"modified":"2024-05-07T13:37:05","modified_gmt":"2024-05-07T13:37:05","slug":"a-szociodramarol","status":"publish","type":"page","link":"https:\/\/actionmethod.szoc.bme.hu\/?page_id=602","title":{"rendered":"A szociodr\u00e1m\u00e1r\u00f3l"},"content":{"rendered":"<p dir=\"ltr\" style=\"line-height: 1.2; margin-top: 0pt; margin-bottom: 14.15pt; text-align: left;\">&#8220;A szociodr\u00e1ma arra veszi r\u00e1 a r\u00e9sztvev\u0151ket, hogy helyzet\u00fcket egy bizonyos t\u00e1rsadalmi poz\u00edci\u00f3hoz k\u00f6t\u0151d\u0151nek l\u00e1ss\u00e1k, amelyb\u0151l a<\/p>\n<p dir=\"ltr\" style=\"line-height: 1.2; margin-top: 0pt; margin-bottom: 14.15pt; text-align: left;\">szociodr\u00e1ma esem\u00e9ny sor\u00e1n elmozdulnak, \u00edgy m\u00e1s, a saj\u00e1tjuk\u00e9t\u00f3l elt\u00e9r\u0151 l\u00e1t\u00f3sz\u00f6gb\u0151l van lehet\u0151s\u00e9g\u00fck \u00e9rtelmezni az esem\u00e9nyeket.<\/p>\n<p dir=\"ltr\" style=\"line-height: 1.2; margin-top: 0pt; margin-bottom: 14.15pt; text-align: left;\">R\u00e1ad\u00e1sul arra is t\u00f6rekszik, hogy a megjelen\u0151 poz\u00edci\u00f3k ne csak az adott t\u00e1rsadalmi helyzetben a szitu\u00e1ci\u00f3ra k\u00f6zvetlen hat\u00f3 poz\u00edci\u00f3k<\/p>\n<p dir=\"ltr\" style=\"line-height: 1.2; margin-top: 0pt; margin-bottom: 14.15pt; text-align: left;\">legyenek, hanem ak\u00e1r id\u0151ben \u00e9s t\u00e9rben nagyon t\u00e1voliak. Ezekb\u0151l a (t\u00e9rben, id\u0151ben t\u00e1voll\u00e9v\u0151) poz\u00edci\u00f3kb\u00f3l biztos\u00edthat\u00f3 az a<\/p>\n<p dir=\"ltr\" style=\"line-height: 1.2; margin-top: 0pt; margin-bottom: 14.15pt; text-align: left;\">perspektivikuss\u00e1g, amely seg\u00edtheti a t\u00e1rsadalmi strukt\u00fara relat\u00edvk\u00e9nt val\u00f3 megl\u00e1t\u00e1s\u00e1t, \u00e9rtelmez\u00e9s\u00e9t. Nem \u00e1ll\u00edtja azonban egyik<\/p>\n<p dir=\"ltr\" style=\"line-height: 1.2; margin-top: 0pt; margin-bottom: 14.15pt; text-align: left;\">perspekt\u00edva el\u0151bbre val\u00f3s\u00e1g\u00e1t sem, s\u0151t, minden perspekt\u00edv\u00e1b\u00f3l felt\u00e1rulkoz\u00f3 interpret\u00e1ci\u00f3t relev\u00e1nsnak fogad el.&#8221; (Blask\u00f3: A szociodr\u00e1ma<\/p>\n<p dir=\"ltr\" style=\"line-height: 1.2; margin-top: 0pt; margin-bottom: 14.15pt; text-align: left;\">&#8211; kritikai? ter\u00e1pia? , \u00daj Egyenl\u0151s\u00e9g, 2018)<\/p>\n<p>A szociodr\u00e1ma (&#8230;) egy k\u00f6z\u00f6ss\u00e9g probl\u00e9m\u00e1j\u00e1val foglalkozik, amelyre term\u00e9szetesen sz\u00fclethetnek egy\u00e9ni v\u00e1laszok, megold\u00e1si strat\u00e9gi\u00e1k, de minimum a probl\u00e9ma detekt\u00e1l\u00e1s\u00e1nak szintj\u00e9n fontos az egy\u00fctted meg\u00e9rt\u00e9s, bel\u00e1t\u00e1s megsz\u00fclet\u00e9se. En\u00e9lk\u00fcl ugyanis az \u00f6nismereti hozad\u00e9ka marad el\u0151t\u00e9rben a dr\u00e1ma \u00fcl\u00e9snek, hiszen azt tanulhatja meg a r\u00e9sztvev\u0151, hogy egy adott t\u00e1rsas vagy t\u00e1rsadalmi kontextusban milyen szem\u00e9lyes szerepv\u00e1llal\u00e1sra k\u00e9pes \u00e9s mi\u00e9rt, illetve hogyan tud azon alak\u00edtani. A szociodr\u00e1ma c\u00e9lja azonban a k\u00f6z\u00f6s t\u00e1rsas, t\u00e1rsadalmi probl\u00e9m\u00e1k felt\u00e1r\u00e1sa \u00e9s azok (kompetenci\u00e1n bel\u00fcli) kezel\u00e9s\u00e9nek megkezd\u00e9se \u00faj jelent\u00e9skonstrukci\u00f3 l\u00e9trehoz\u00e1s\u00e1val&#8221; (Blask\u00f3, Pados: A M\u00e9rei-f\u00e9le csoportcentrikus pszichodr\u00e1ma mint szociodr\u00e1ma, Metszetek, 2019)<\/p>\n<h1>GYIK<\/h1>\n<h3>Nem vesz\u00e9lyes ez?<\/h3>\n<p>Mit jelent az, hogy &#8220;vesz\u00e9lyes&#8221;?<\/p>\n<p>&#8211; t\u00e1rsadalmi szempontb\u00f3l vesz\u00e9lyes, amennyiben egy v\u00e9gtelen\u00fcl demokratikus m\u00f3dszerrel van dolgunk: minden szempontot \u00e9s szerepl\u0151t sz\u00f3hoz juttat, mindenkinek elismeri az igaz\u00e1t.<\/p>\n<p>&#8211; a szerepl\u0151k k\u00f6z\u00f6tti dianamika szempontj\u00e1b\u00f3l is vesz\u00e9lyes, amennyiben felsz\u00ednre hoz konfliktusokat: a j\u00f3 h\u00edr azonban, hogy a kimondott konfliktusok m\u00e1r kezelhet\u0151k \u00e9s (az egy\u00e9bk\u00e9nt medi\u00e1ci\u00f3s c\u00e9lra is haszn\u00e1lt m\u00f3dszer kereti k\u00f6z\u00f6tt) feloldhat\u00f3k.<\/p>\n<p>&#8211; a szem\u00e9lyes \u00e9rzelmek megbolygat\u00e1sa is j\u00e1rul\u00e9kos hat\u00e1s, azonban a szociodr\u00e1mavezet\u0151knek j\u00f3 technik\u00e1ik vannak a &#8220;priv\u00e1t&#8221; kezel\u00e9s\u00e9re, arra, hogy annyi ker\u00fclj\u00f6n a k\u00f6z\u00f6ss\u00e9g el\u00e9, amennyi r\u00e1 tartozik.<\/p>\n<h3>Akkor nekem ott sz\u00edn\u00e9szkedni kell majd?<\/h3>\n<p>Sz\u00edn\u00e9szkedni biztosan nem kell, mert az elrontja a szitu\u00e1ci\u00f3 val\u00f3dis\u00e1g\u00e1t. A szociodr\u00e1ma l\u00e9nyege, hogy \u00fagy vizsg\u00e1lunk meg k\u00fcl\u00f6nb\u00f6z\u0151 n\u00e9z\u0151pontokat, hogy m\u00e1sok szemsz\u00f6g\u00e9b\u0151l gondolkodunk, besz\u00e9l\u00fcnk. Ezt nagyon term\u00e9szetes m\u00f3don t\u00f6rt\u00e9nik, a vezet\u0151k csak arra k\u00e9rnek, hogy ilyen vagy olyan szempontb\u00f3l gondold v\u00e9gig az adott k\u00e9rd\u00e9st. Ja, \u00e9s alapszab\u00e1ly: tenni semmit sem &#8220;kell&#8221; (de sok mindent \u00e9rdemes, mert annyival t\u00f6bb l\u00e1t\u00f3sz\u00f6g jelenik meg).<\/p>\n<h3>Hogyan, mivel k\u00e9sz\u00fcljek?<\/h3>\n<p>Gyere. Mivel olyanr\u00f3l lesz sz\u00f3, ami \u00e9rint t\u00e9ged, amiatt nem agg\u00f3dunk, hogy nem lesz t\u00e9m\u00e1nk. Ne gondolj t\u00fal semmit el\u0151re, a helyzetben j\u00f6nnek majd az \u00f6tletek, gondolatok &#8211; az \u00f6tlet pedig \u00f6tletet sz\u00fcl. Mi b\u00edzunk a sponetnait\u00e1s erej\u00e9ben.<\/p>\n","protected":false},"excerpt":{"rendered":"<p>&#8220;A szociodr\u00e1ma arra veszi r\u00e1 a r\u00e9sztvev\u0151ket, hogy helyzet\u00fcket egy bizonyos t\u00e1rsadalmi poz\u00edci\u00f3hoz k\u00f6t\u0151d\u0151nek l\u00e1ss\u00e1k, amelyb\u0151l a szociodr\u00e1ma esem\u00e9ny sor\u00e1n elmozdulnak, \u00edgy m\u00e1s, a saj\u00e1tjuk\u00e9t\u00f3l elt\u00e9r\u0151 l\u00e1t\u00f3sz\u00f6gb\u0151l van lehet\u0151s\u00e9g\u00fck \u00e9rtelmezni az esem\u00e9nyeket. R\u00e1ad\u00e1sul arra is t\u00f6rekszik, hogy a megjelen\u0151 poz\u00edci\u00f3k ne csak az adott t\u00e1rsadalmi helyzetben a szitu\u00e1ci\u00f3ra k\u00f6zvetlen hat\u00f3 poz\u00edci\u00f3k legyenek, hanem ak\u00e1r id\u0151ben [&hellip;]<\/p>\n","protected":false},"author":2,"featured_media":0,"parent":0,"menu_order":0,"comment_status":"closed","ping_status":"closed","template":"","meta":{"footnotes":""},"_links":{"self":[{"href":"https:\/\/actionmethod.szoc.bme.hu\/index.php?rest_route=\/wp\/v2\/pages\/602"}],"collection":[{"href":"https:\/\/actionmethod.szoc.bme.hu\/index.php?rest_route=\/wp\/v2\/pages"}],"about":[{"href":"https:\/\/actionmethod.szoc.bme.hu\/index.php?rest_route=\/wp\/v2\/types\/page"}],"author":[{"embeddable":true,"href":"https:\/\/actionmethod.szoc.bme.hu\/index.php?rest_route=\/wp\/v2\/users\/2"}],"replies":[{"embeddable":true,"href":"https:\/\/actionmethod.szoc.bme.hu\/index.php?rest_route=%2Fwp%2Fv2%2Fcomments&post=602"}],"version-history":[{"count":10,"href":"https:\/\/actionmethod.szoc.bme.hu\/index.php?rest_route=\/wp\/v2\/pages\/602\/revisions"}],"predecessor-version":[{"id":879,"href":"https:\/\/actionmethod.szoc.bme.hu\/index.php?rest_route=\/wp\/v2\/pages\/602\/revisions\/879"}],"wp:attachment":[{"href":"https:\/\/actionmethod.szoc.bme.hu\/index.php?rest_route=%2Fwp%2Fv2%2Fmedia&parent=602"}],"curies":[{"name":"wp","href":"https:\/\/api.w.org\/{rel}","templated":true}]}}